{"id":4740,"date":"2020-04-07T16:12:02","date_gmt":"2020-04-07T14:12:02","guid":{"rendered":"https:\/\/www.ilona-antina.com\/?page_id=4740"},"modified":"2020-04-24T17:21:23","modified_gmt":"2020-04-24T15:21:23","slug":"fotoalben","status":"publish","type":"page","link":"https:\/\/www.ilona-antina.com\/de\/fotoalben\/","title":{"rendered":"Fotoalben"},"content":{"rendered":"<p>Heutzutage haben gedruckte Bilder und Hochzeitsalben einen ganz besonderen Wert. Die Technologie entwickelt sich st\u00e4ndig weiter und die Datentr\u00e4ger gehen im Laufe der Jahre doch kaputt. Seit einigen Jahren beziehe ich meine Fotoalben \u00fcber\u00a0<a href=\"https:\/\/www.floricolor.pt\/en\/\">Floricolor<\/a> Fotolabor, einem der gr\u00f6\u00dften Unternehmen im professionellen Markt von gedruckten Fotoalben, aufgrund ihrer Haltbarkeit, Druckqualit\u00e4t und Cover-Designoptionen. Ich bin absolute begeistert von der hohen Qualit\u00e4t und zahlreichen Leinencover Optionen. Das Fotoalbum kann ganz individuell mit euren Namen, Farben und verschiedenen edlen Materialien personalisiert werden. Wertvolle Fotos haben es verdient gedruckt und gesp\u00fcrt zu werden, statt auf einem USB Stick verloren zu gehen.So k\u00f6nnt ihr eure Fotos immer hervorholen und gem\u00fctlich mit euren Liebsten durchbl\u00e4ttern.<\/p>\n<p>Ich w\u00fcrde euch gerne einige Beispiele zeigen und euch von der Qualit\u00e4t \u00fcberzeugen. <a style=\"text-align: center;\" href=\"https:\/\/www.ilona-antina.com\/kontakt\/?lang=de\">Kontaktiert mich<\/a><span style=\"text-align: center;\"> und lasst uns gemeinsam etwas Wundervolles kreieren!<\/span><\/p>\n<p>&nbsp;<\/p>\n<p style=\"text-align: center;\">\n<p><img loading=\"lazy\" class=\"aligncenter wp-image-2707 size-large\" src=\"https:\/\/www.ilona-antina.com\/wp-content\/uploads\/2020\/01\/Screen-Shot-2018-02-14-at-12.29.39-1024x681.png\" alt=\"Printed pictures and wedding albums\" width=\"720\" height=\"479\" srcset=\"https:\/\/www.ilona-antina.com\/wp-content\/uploads\/2020\/01\/Screen-Shot-2018-02-14-at-12.29.39-1024x681.png 1024w, https:\/\/www.ilona-antina.com\/wp-content\/uploads\/2020\/01\/Screen-Shot-2018-02-14-at-12.29.39-300x199.png 300w, https:\/\/www.ilona-antina.com\/wp-content\/uploads\/2020\/01\/Screen-Shot-2018-02-14-at-12.29.39-768x510.png 768w, https:\/\/www.ilona-antina.com\/wp-content\/uploads\/2020\/01\/Screen-Shot-2018-02-14-at-12.29.39.png 1348w\" sizes=\"(max-width: 720px) 100vw, 720px\" \/><img loading=\"lazy\" class=\"aligncenter wp-image-2713 size-large\" src=\"https:\/\/www.ilona-antina.com\/wp-content\/uploads\/2020\/01\/Untitled-768x1024.jpg\" alt=\"Printed pictures and wedding albums\" width=\"720\" height=\"960\" srcset=\"https:\/\/www.ilona-antina.com\/wp-content\/uploads\/2020\/01\/Untitled-768x1024.jpg 768w, https:\/\/www.ilona-antina.com\/wp-content\/uploads\/2020\/01\/Untitled-225x300.jpg 225w, https:\/\/www.ilona-antina.com\/wp-content\/uploads\/2020\/01\/Untitled-1152x1536.jpg 1152w, https:\/\/www.ilona-antina.com\/wp-content\/uploads\/2020\/01\/Untitled.jpg 1440w\" sizes=\"(max-width: 720px) 100vw, 720px\" \/><\/p>\n","protected":false},"excerpt":{"rendered":"<p>Heutzutage haben gedruckte Bilder und Hochzeitsalben einen ganz besonderen Wert. Die Technologie entwickelt sich st\u00e4ndig weiter und die Datentr\u00e4ger gehen im Laufe der Jahre doch kaputt. Seit einigen Jahren beziehe ich meine Fotoalben \u00fcber\u00a0Floricolor Fotolabor, einem der gr\u00f6\u00dften Unternehmen im professionellen Markt von gedruckten Fotoalben, aufgrund ihrer Haltbarkeit, Druckqualit\u00e4t und Cover-Designoptionen. Ich bin absolute begeistert [&hellip;]<\/p>\n","protected":false},"author":2,"featured_media":2712,"parent":0,"menu_order":0,"comment_status":"closed","ping_status":"closed","template":"","meta":[],"_links":{"self":[{"href":"https:\/\/www.ilona-antina.com\/de\/wp-json\/wp\/v2\/pages\/4740"}],"collection":[{"href":"https:\/\/www.ilona-antina.com\/de\/wp-json\/wp\/v2\/pages"}],"about":[{"href":"https:\/\/www.ilona-antina.com\/de\/wp-json\/wp\/v2\/types\/page"}],"author":[{"embeddable":true,"href":"https:\/\/www.ilona-antina.com\/de\/wp-json\/wp\/v2\/users\/2"}],"replies":[{"embeddable":true,"href":"https:\/\/www.ilona-antina.com\/de\/wp-json\/wp\/v2\/comments?post=4740"}],"version-history":[{"count":3,"href":"https:\/\/www.ilona-antina.com\/de\/wp-json\/wp\/v2\/pages\/4740\/revisions"}],"predecessor-version":[{"id":12418,"href":"https:\/\/www.ilona-antina.com\/de\/wp-json\/wp\/v2\/pages\/4740\/revisions\/12418"}],"wp:featuredmedia":[{"embeddable":true,"href":"https:\/\/www.ilona-antina.com\/de\/wp-json\/wp\/v2\/media\/2712"}],"wp:attachment":[{"href":"https:\/\/www.ilona-antina.com\/de\/wp-json\/wp\/v2\/media?parent=4740"}],"curies":[{"name":"wp","href":"https:\/\/api.w.org\/{rel}","templated":true}]}}