{"id":4641,"date":"2020-04-07T16:15:51","date_gmt":"2020-04-07T14:15:51","guid":{"rendered":"https:\/\/www.ilona-antina.com\/?page_id=4641"},"modified":"2020-04-24T17:21:23","modified_gmt":"2020-04-24T15:21:23","slug":"haeufig-gestellte-fragen","status":"publish","type":"page","link":"https:\/\/www.ilona-antina.com\/de\/haeufig-gestellte-fragen\/","title":{"rendered":"H\u00e4ufig gestellte Fragen"},"content":{"rendered":"<p style=\"text-align: center;\">FAQ<\/p>\n<p style=\"text-align: center;\">Die Planung eurer Hochzeit ist ein Abenteuer und ich bin da um zu helfen. Aber ihr habt wahrscheinlich zuerst einige Fragen. Hier ist meine Antwort auf einige h\u00e4ufig gestellte Fragen. Wenn ihr jedoch nicht das findet, wonach ihr sucht, dann setzt euch bitte mit mir in direkter Verbindung.<\/p>\n<p style=\"text-align: center;\"><strong>1. Was ist dein Stil und Ansatz?<\/strong><br \/>\nMein Stil ist nat\u00fcrlich, was bedeutet, dass ich nicht den ganzen Tag damit verbringen werde, euch f\u00fcr formelle Bilder zu posieren. Mein Ziel ist es, eine ehrliche Geschichte dar\u00fcber zu pr\u00e4sentieren, was wirklich passiert ist, ohne sich einzumischen, damit ihr euch entspannen und diesen Tag mit voller Intensit\u00e4t leben k\u00f6nnt.<\/p>\n<p style=\"text-align: center;\"><strong>2. Was ist in deinen Dienstleistungen enthalten?<\/strong><br \/>\nIhr bekommt alle eure Bilder in hoher Aufl\u00f6sung und eine passwortgesch\u00fctzte Online-Galerie. F\u00fcr Engagements und Elopements biete ich personalisierte Services an, wie Standortempfehlungen, Lieferantenlisten usw., um euch bei der Erstellung des perfekten Tages zu helfen.<\/p>\n<p style=\"text-align: center;\"><strong>3. Was muss ich tun, um mein Datum zu sichern?<\/strong><br \/>\nDas Datum wird reserviert, sobald ich eine unterschriebene Vereinbarung und eine Anzahlung von 40% erhalten habe.<\/p>\n<p style=\"text-align: center;\"><strong>4. Reist du?<\/strong><br \/>\nIch reise sehr gern und freue mich jedes Mal wenn ich diese Leidenschaft mit meinem Job als Hochzeitsfotografin kombinieren kann. Ich lebe das ganze Jahr fest auf Mallorca, aber ich liebe es, meine Paare in neuen L\u00e4ndern auf ihre Abenteuer fotografisch zu begleiten. \u00a0Sende mir eine <a href=\"https:\/\/www.ilona-antina.com\/kontakt\/?lang=de\">E-Mail<\/a> mit dem genauen Datum oder einem bestimmten Reiseangebot.<\/p>\n<p style=\"text-align: center;\"><strong>5. Mit welcher Ausr\u00fcstung arbeitest du und verwendest du Blitze?<\/strong><br \/>\nIch benutze nur professionelle Ausr\u00fcstung von Nikon. Alle meine Kamerageh\u00e4use und Objektive sind f\u00fcr Arbeiten bei jeder Wettersituation und Lichtverh\u00e4ltnissen ausgelegt. Ich werde Blitz verwenden, wenn ihr in einer dunklen Kirche heiratet und abends, wenn kein nat\u00fcrliches Licht mehr verf\u00fcgbar ist.<\/p>\n<p style=\"text-align: center;\"><strong>6. Wie viele Stunden sollten wir f\u00fcr Hochzeitsbilder berechnen?<\/strong><br \/>\nDie Zeit, die ihr f\u00fcr Fotos einplanen solltet, h\u00e4ngt von der Tageszeit ab.<\/p>\n<p style=\"text-align: center;\">Getting ready\u00a0 &#8211; 60 Minuten bis 1,5 Stunden<\/p>\n<p style=\"text-align: center;\">Paarshooting &#8211; 45 Minuten bis 1 Stunde<br \/>\nAm liebsten fotografiere ich meine Paare kurz vor Sonnenuntergang, wenn das Licht wundersch\u00f6n weich und sanft ist. Die Lichtstimmung zu diesem Zeitpunkt macht so einen Unterschied aus!<\/p>\n<p style=\"text-align: center;\">Familienbilder &#8211; ca 30 Minuten<br \/>\nIch werde euch bereits vor der Hochzeit bitten, mir eine Liste von Gruppen zur Verf\u00fcgung zu stellen, von denen ihr Fotos haben m\u00f6chtet.<\/p>\n<p style=\"text-align: center;\"><strong>7. Wie viele Bilder erhalten wir?<\/strong><\/p>\n<p style=\"text-align: center;\">\u00a0Das h\u00e4ngt von den Stunden eurer Hochzeit ab, aber es werden ungef\u00e4hr 50 Bilder pro jede Shooting Stunde sein. Gleiches gilt f\u00fcr Engagement- und Paarshootings.<\/p>\n<p style=\"text-align: center;\"><strong>8. K\u00f6nnen wir ein Album bestellen?<\/strong><br \/>\nGedruckte Bilder haben heutzutage einen ganz besonderen Wert. Die Technologie entwickelt sich st\u00e4ndig weiter und das, was ihr jetzt digital habt, kann im Laufe der Jahre kaputt gehen. Ich biete professionelle Fotoalben an, die ihr noch Jahre sp\u00e4ter all euren Freunden und Eurer Familie zeigen werdet. Fragt einfach bei mir nach!<\/p>\n<p style=\"text-align: center;\"><strong>9. K\u00f6nnen wir dich vor unserer Hochzeit pers\u00f6nlich treffen?<\/strong><br \/>\nAbsolut! Es ist sehr wichtig dass, wir uns vor eurer Hochzeit pers\u00f6nlich kennenlernen. Ich will wissen, was euch wichtig ist und vor allem will ich wissen, wer ihr seid! Ob pers\u00f6nlich oder per Skype, ich nehme mir ausreichend Zeit f\u00fcr euch, damit auch ihr mich ausfragen und kennenlernen k\u00f6nnt.<\/p>\n<p>&nbsp;<\/p>\n","protected":false},"excerpt":{"rendered":"<p>FAQ Die Planung eurer Hochzeit ist ein Abenteuer und ich bin da um zu helfen. Aber ihr habt wahrscheinlich zuerst einige Fragen. Hier ist meine Antwort auf einige h\u00e4ufig gestellte Fragen. Wenn ihr jedoch nicht das findet, wonach ihr sucht, dann setzt euch bitte mit mir in direkter Verbindung. 1. Was ist dein Stil und [&hellip;]<\/p>\n","protected":false},"author":2,"featured_media":2619,"parent":0,"menu_order":0,"comment_status":"closed","ping_status":"closed","template":"","meta":[],"_links":{"self":[{"href":"https:\/\/www.ilona-antina.com\/de\/wp-json\/wp\/v2\/pages\/4641"}],"collection":[{"href":"https:\/\/www.ilona-antina.com\/de\/wp-json\/wp\/v2\/pages"}],"about":[{"href":"https:\/\/www.ilona-antina.com\/de\/wp-json\/wp\/v2\/types\/page"}],"author":[{"embeddable":true,"href":"https:\/\/www.ilona-antina.com\/de\/wp-json\/wp\/v2\/users\/2"}],"replies":[{"embeddable":true,"href":"https:\/\/www.ilona-antina.com\/de\/wp-json\/wp\/v2\/comments?post=4641"}],"version-history":[{"count":13,"href":"https:\/\/www.ilona-antina.com\/de\/wp-json\/wp\/v2\/pages\/4641\/revisions"}],"predecessor-version":[{"id":16627,"href":"https:\/\/www.ilona-antina.com\/de\/wp-json\/wp\/v2\/pages\/4641\/revisions\/16627"}],"wp:featuredmedia":[{"embeddable":true,"href":"https:\/\/www.ilona-antina.com\/de\/wp-json\/wp\/v2\/media\/2619"}],"wp:attachment":[{"href":"https:\/\/www.ilona-antina.com\/de\/wp-json\/wp\/v2\/media?parent=4641"}],"curies":[{"name":"wp","href":"https:\/\/api.w.org\/{rel}","templated":true}]}}